{"id":1863,"date":"2024-01-22T18:13:23","date_gmt":"2024-01-22T18:13:23","guid":{"rendered":"https:\/\/ecoheatbl.com\/?page_id=1863"},"modified":"2026-04-05T16:47:47","modified_gmt":"2026-04-05T16:47:47","slug":"o-nama","status":"publish","type":"page","link":"https:\/\/ecoheatbl.com\/index.php\/o-nama\/","title":{"rendered":"Decenija iskustva, nova energija klimatizacije"},"content":{"rendered":"\n<div class=\"wp-block-media-text is-stacked-on-mobile\" style=\"grid-template-columns:53% auto\"><figure class=\"wp-block-media-text__media\"><img loading=\"lazy\" decoding=\"async\" width=\"1024\" height=\"576\" src=\"https:\/\/ecoheatbl.com\/wp-content\/uploads\/2026\/04\/O-NAMA-1024x576.jpg\" alt=\"\" class=\"wp-image-1901 size-full\" srcset=\"https:\/\/ecoheatbl.com\/wp-content\/uploads\/2026\/04\/O-NAMA-1024x576.jpg 1024w, https:\/\/ecoheatbl.com\/wp-content\/uploads\/2026\/04\/O-NAMA-300x169.jpg 300w, https:\/\/ecoheatbl.com\/wp-content\/uploads\/2026\/04\/O-NAMA-768x432.jpg 768w, https:\/\/ecoheatbl.com\/wp-content\/uploads\/2026\/04\/O-NAMA.jpg 1434w\" sizes=\"auto, (max-width: 1024px) 100vw, 1024px\" \/><\/figure><div class=\"wp-block-media-text__content\">\n<p class=\"has-black-color has-text-color has-link-color wp-elements-1bd20f18b5a11baed913fe2bdc450899\"><strong>EcoHeat BL\u00a0<\/strong>nije firma koja je tek po\u010dela \u2013 mi smo tim koji iza sebe ima\u00a0vi\u0161e od 10 godina ozbiljnog iskustva\u00a0u industriji grijanja, klimatizacije i ventilacije.<\/p>\n\n\n\n<p class=\"has-black-color has-text-color has-link-color wp-elements-78616afeac01ca6d0eebb82f9916732f\">Iako je kompanija pod dana\u0161njim imenom osnovana 2023. godine, znanje, praksa i standardi koje primjenjujemo kaljeni su godinama kroz rad na najzahtjevnijim projektima. <\/p>\n\n\n\n<p class=\"has-black-color has-text-color has-link-color wp-elements-a6ae09cdc05524d0f23ca5ad72733f0b\">Osnivanjem EcoHeat-a napravili smo jasan iskorak: podigli smo odgovornost i kvalitet na nivo koji moderno tr\u017ei\u0161te realno zahtijeva.<\/p>\n<\/div><\/div>\n\n\n\n<p><\/p>\n\n\n\n<h2 class=\"wp-block-heading has-black-color has-text-color has-link-color wp-elements-f1427180f1603a69893414b9b3c5392e\">Za\u0161to klijenti biraju EcoHeat BL?<\/h2>\n\n\n\n<p class=\"has-black-color has-text-color has-link-color wp-elements-1db65dd67910cdec4d1351f8a08cb15a\">Kao&nbsp;ovla\u0161teni partneri svjetskih lidera Daikin i Panasonic, nudimo tehnolo\u0161ki napredna i energetski efikasna rje\u0161enja. Me\u0111utim, vrhunska oprema je samo dio pri\u010de \u2013 ono \u0161to nas zaista izdvaja je na\u0161 pristup:<\/p>\n\n\n\n<ul class=\"wp-block-list has-black-color has-text-color has-link-color wp-elements-495942d2bd289d6928134deb228f6953\">\n<li>Individualna analiza:&nbsp;Ne radimo \u0161ablonski. Svaki prostor analiziramo i planiramo rje\u0161enja koja imaju smisla dugoro\u010dno \u2013 tehni\u010dki, energetski i finansijski.<\/li>\n\n\n\n<li>Bez improvizacije:&nbsp;Na\u0161 rad na stambenim, poslovnim i industrijskim objektima zasnovan je na preciznosti i strogoj struci.<\/li>\n\n\n\n<li>Sistem &#8220;Klju\u010d u ruke&#8221;:&nbsp;Pru\u017eamo potpunu uslugu \u2013 od idejnog savjetovanja i projektovanja, preko stru\u010dnog izvo\u0111enja, do pu\u0161tanja u rad i redovnog odr\u017eavanja.<\/li>\n<\/ul>\n\n\n\n<h2 class=\"wp-block-heading has-black-color has-text-color has-link-color wp-elements-c480484fce1ea165f761e5b66c42d802\">Na\u0161 standard: Kvalitet bez kompromisa<\/h2>\n\n\n\n<p class=\"has-black-color has-text-color has-link-color wp-elements-8cbb8c2332a5c29d9ee893f7a87ff3a3\">Za nas kvalitet nije opcija, ve\u0107 osnova poslovanja. Ne pristajemo na kompromise koji bi mogli uticati na dugoro\u010dnu pouzdanost sistema ili va\u0161e zadovoljstvo. Ponosni smo na \u010dinjenicu da&nbsp;najve\u0107i dio na\u0161eg poslovanja dolazi kroz preporuke&nbsp;zadovoljnih<br>klijenata. <\/p>\n\n\n\n<p class=\"has-black-color has-text-color has-link-color wp-elements-d877d6c0039560b606083d2837b2f2d6\">Danas,&nbsp;EcoHeat BL&nbsp;predstavlja savr\u0161en spoj decenijskog iskustva, vrhunske stru\u010dnosti i modernog, urbanog pristupa poslu. Mi smo va\u0161 pouzdan partner za sigurna, efikasna i dugoro\u010dno odr\u017eiva rje\u0161enja.<\/p>\n\n\n\n<p class=\"has-black-color has-text-color has-link-color wp-elements-ff2f3153ac0182030556434365fa5363\">Va\u0161 projekat zaslu\u017euje stru\u010dnost bez kompromisa. Kontaktirajte nas za besplatne konsultacije.<\/p>\n\n\n","protected":false},"excerpt":{"rendered":"<p>EcoHeat BL\u00a0nije firma koja je tek po\u010dela \u2013 mi smo tim koji iza sebe ima\u00a0vi\u0161e od 10 godina ozbiljnog iskustva\u00a0u industriji grijanja, klimatizacije i ventilacije. Iako je kompanija pod dana\u0161njim imenom osnovana 2023. godine, znanje, praksa i standardi koje primjenjujemo kaljeni su godinama kroz rad na najzahtjevnijim projektima. Osnivanjem EcoHeat-a&#8230;<\/p>\n","protected":false},"author":1,"featured_media":0,"parent":0,"menu_order":0,"comment_status":"closed","ping_status":"closed","template":"","meta":{"footnotes":""},"class_list":["post-1863","page","type-page","status-publish","hentry"],"_links":{"self":[{"href":"https:\/\/ecoheatbl.com\/index.php\/wp-json\/wp\/v2\/pages\/1863","targetHints":{"allow":["GET"]}}],"collection":[{"href":"https:\/\/ecoheatbl.com\/index.php\/wp-json\/wp\/v2\/pages"}],"about":[{"href":"https:\/\/ecoheatbl.com\/index.php\/wp-json\/wp\/v2\/types\/page"}],"author":[{"embeddable":true,"href":"https:\/\/ecoheatbl.com\/index.php\/wp-json\/wp\/v2\/users\/1"}],"replies":[{"embeddable":true,"href":"https:\/\/ecoheatbl.com\/index.php\/wp-json\/wp\/v2\/comments?post=1863"}],"version-history":[{"count":20,"href":"https:\/\/ecoheatbl.com\/index.php\/wp-json\/wp\/v2\/pages\/1863\/revisions"}],"predecessor-version":[{"id":1926,"href":"https:\/\/ecoheatbl.com\/index.php\/wp-json\/wp\/v2\/pages\/1863\/revisions\/1926"}],"wp:attachment":[{"href":"https:\/\/ecoheatbl.com\/index.php\/wp-json\/wp\/v2\/media?parent=1863"}],"curies":[{"name":"wp","href":"https:\/\/api.w.org\/{rel}","templated":true}]}}