{"id":1757,"date":"2023-11-13T18:27:56","date_gmt":"2023-11-13T18:27:56","guid":{"rendered":"https:\/\/ecoheatbl.com\/?page_id=1757"},"modified":"2023-11-13T18:27:56","modified_gmt":"2023-11-13T18:27:56","slug":"panasonic-klima-uredaj-etherea-kit-xz35-zke-h","status":"publish","type":"page","link":"https:\/\/ecoheatbl.com\/index.php\/panasonic-klima-uredaj-etherea-kit-xz35-zke-h\/","title":{"rendered":"PANASONIC KLIMA URE\u0110AJ ETHEREA KIT-XZ35-ZKE-H"},"content":{"rendered":"<div class=\"wp-block-image\">\n<figure class=\"aligncenter size-full\"><img loading=\"lazy\" decoding=\"async\" width=\"500\" height=\"356\" src=\"https:\/\/ecoheatbl.com\/wp-content\/uploads\/2023\/11\/Panasonic-ETHEREA-KIT-XZ20-50-ZKE.png\" alt=\"\" class=\"wp-image-1736\" srcset=\"https:\/\/ecoheatbl.com\/wp-content\/uploads\/2023\/11\/Panasonic-ETHEREA-KIT-XZ20-50-ZKE.png 500w, https:\/\/ecoheatbl.com\/wp-content\/uploads\/2023\/11\/Panasonic-ETHEREA-KIT-XZ20-50-ZKE-300x214.png 300w\" sizes=\"auto, (max-width: 500px) 100vw, 500px\" \/><\/figure>\n<\/div>\n\n\n<p>Etherea je ure\u0111aj koji \u0107e vas ostaviti bez daha besprijekornim dizajnom i vrhunskom tehnologijom.&nbsp;<strong>Izuzetno tanka unutra\u0161nja jedinica<\/strong>&nbsp;dizajnirana je kako bi se u potpunosti uklopila u svaki enterijer, a dolazi u mat i srebrnoj boji.<\/p>\n\n\n\n<p>Za izvanrednu obradu vazduha Etherea koristi patentiranu&nbsp;<a href=\"https:\/\/shop.arijanova.hr\/blog\/24-nanoe-x--tehnologija-inspirirana-prirodom\/\" target=\"_blank\" rel=\"noreferrer noopener\"><strong>Nanoe X tehnologiju<\/strong><\/a>. Elektrostati\u010dke atomizirane \u010destice vode nano veli\u010dine pro\u010di\u0161\u0107uju vazduh te djeluju izuzetno u\u010dinkovito u uklanjanju \u0161tetnih mikroorganizama. Uz izuzetnu u\u010dinkovitost, ovaj model pripada visokom energetskom razredu&nbsp;<strong>A++<\/strong>&nbsp;zbog \u010dega se ostvaruju velike u\u0161tede u potro\u0161nji.<\/p>\n\n\n\n<p>Posebne u\u0161tede u potro\u0161nji mo\u017eete ostvariti pritiskom jedne tipke na daljinskom upravlja\u010du. Tehnologija senzora\u00a0<strong>Econavi\u00a0<\/strong>inteligento prilago\u0111ava rad ure\u0111aja uslovima u prostoriji i na taj na\u010din smanjuje nepotrebne gubitke energije.<\/p>\n\n\n\n<figure class=\"wp-block-table\"><table><tbody><tr><td><strong>PROIZVO\u0110A\u010c<\/strong><\/td><td>Panasonic<\/td><\/tr><tr><td><strong>MODEL<\/strong><\/td><td>KIT-XZ35-XKE-H<\/td><\/tr><tr><td><strong>Brand<\/strong><\/td><td>Panasonic<\/td><\/tr><tr><td><strong>Hla\u0111enje<\/strong><\/td><td>3.50 kW<\/td><\/tr><tr><td><strong>Grijanje<\/strong><\/td><td>4.00 kW<\/td><\/tr><tr><td><strong>Raspon hla\u0111enja<\/strong><\/td><td>0,84-4,00 kW<\/td><\/tr><tr><td><strong>Raspon grijanja<\/strong><\/td><td>4,44-3,72 kW<\/td><\/tr><tr><td><strong>Energetska klasa hla\u0111enja<\/strong><\/td><td>A+++<\/td><\/tr><tr><td><strong>Energetska klasa grijanja<\/strong><\/td><td>A+++<\/td><\/tr><tr><td><strong>SEER\/SCOP<\/strong><\/td><td>8,50 \/ 5,10<\/td><\/tr><tr><td><strong>WI-FI upravljanje<\/strong><\/td><td>Wi-fi ready<\/td><\/tr><tr><td><strong>Protok vazduha<\/strong><\/td><td>744 m3\/h<\/td><\/tr><tr><td><strong>Buka unutra\u0161nje jedinice<\/strong><\/td><td>19-42 dB(A)<\/td><\/tr><tr><td><strong>Buka vanjske jedinice<\/strong><\/td><td>50 dB(A)<\/td><\/tr><tr><td><strong>Dimenzije unutra\u0161nje jedinice<\/strong><\/td><td>295*919*194 mm<\/td><\/tr><tr><td><strong>Dimenzije vanjske jedinice<\/strong><\/td><td>619*824*299 mm<\/td><\/tr><tr><td><strong>Te\u017eina unutra\u0161nje jedinice<\/strong><\/td><td>10 kg<\/td><\/tr><tr><td><strong>Te\u017eina vanjske jedinice<\/strong><\/td><td>31 kg<\/td><\/tr><tr><td><strong>Max. du\u017eina cijevi<\/strong><\/td><td>15 m<\/td><\/tr><tr><td><strong>Max. visinska razlika<\/strong><\/td><td>15 m<\/td><\/tr><tr><td><strong>Napajanje<\/strong><\/td><td>220-240 V<\/td><\/tr><tr><td><strong>Freon<\/strong><\/td><td>R32<\/td><\/tr><\/tbody><\/table><\/figure>\n","protected":false},"excerpt":{"rendered":"<p>Etherea je ure\u0111aj koji \u0107e vas ostaviti bez daha besprijekornim dizajnom i vrhunskom tehnologijom.&nbsp;Izuzetno tanka unutra\u0161nja jedinica&nbsp;dizajnirana je kako bi se u potpunosti uklopila u svaki enterijer, a dolazi u mat i srebrnoj boji. Za izvanrednu obradu vazduha Etherea koristi patentiranu&nbsp;Nanoe X tehnologiju. Elektrostati\u010dke atomizirane \u010destice vode nano veli\u010dine pro\u010di\u0161\u0107uju&#8230;<\/p>\n","protected":false},"author":1,"featured_media":0,"parent":0,"menu_order":0,"comment_status":"closed","ping_status":"closed","template":"","meta":{"footnotes":""},"class_list":["post-1757","page","type-page","status-publish","hentry"],"_links":{"self":[{"href":"https:\/\/ecoheatbl.com\/index.php\/wp-json\/wp\/v2\/pages\/1757","targetHints":{"allow":["GET"]}}],"collection":[{"href":"https:\/\/ecoheatbl.com\/index.php\/wp-json\/wp\/v2\/pages"}],"about":[{"href":"https:\/\/ecoheatbl.com\/index.php\/wp-json\/wp\/v2\/types\/page"}],"author":[{"embeddable":true,"href":"https:\/\/ecoheatbl.com\/index.php\/wp-json\/wp\/v2\/users\/1"}],"replies":[{"embeddable":true,"href":"https:\/\/ecoheatbl.com\/index.php\/wp-json\/wp\/v2\/comments?post=1757"}],"version-history":[{"count":1,"href":"https:\/\/ecoheatbl.com\/index.php\/wp-json\/wp\/v2\/pages\/1757\/revisions"}],"predecessor-version":[{"id":1758,"href":"https:\/\/ecoheatbl.com\/index.php\/wp-json\/wp\/v2\/pages\/1757\/revisions\/1758"}],"wp:attachment":[{"href":"https:\/\/ecoheatbl.com\/index.php\/wp-json\/wp\/v2\/media?parent=1757"}],"curies":[{"name":"wp","href":"https:\/\/api.w.org\/{rel}","templated":true}]}}