{"id":1705,"date":"2023-11-01T13:00:45","date_gmt":"2023-11-01T13:00:45","guid":{"rendered":"https:\/\/ecoheatbl.com\/?page_id=1705"},"modified":"2023-11-01T13:00:45","modified_gmt":"2023-11-01T13:00:45","slug":"panasonic-klima-uredaj-kit-bz60-zke","status":"publish","type":"page","link":"https:\/\/ecoheatbl.com\/index.php\/panasonic-klima-uredaj-kit-bz60-zke\/","title":{"rendered":"PANASONIC KLIMA URE\u0110AJ KIT-BZ60-ZKE"},"content":{"rendered":"\n<h4 class=\"wp-block-heading\">Novi Panasonic BZ inverterski modeli sna\u017eni su i u\u010dinkoviti, s izvanrednim energetskim razredom A++\/A+, jedinstveni na tr\u017ei\u0161tu! BZ radi do vanjske temperature od -15 \u00b0C u na\u010dinu rada grijanja i do -10 \u00b0C u na\u010dinu rada hla\u0111enja&nbsp;u izrazito tihom modu.<\/h4>\n\n\n\n<p>Panasonic&nbsp;KIT-BZ ure\u0111aji su&nbsp;novi ure\u0111aji iz srednjeg&nbsp;ranga Panasonic palete ku\u0107nih zidnih inverter klima ure\u0111aja, i kao takav posjeduje raznovrsne karakteristike, kao \u0161to su:<\/p>\n\n\n\n<ul class=\"wp-block-list\">\n<li>Super tih. Radi na samo 20dB<\/li>\n\n\n\n<li>Visoka energetska u\u0161teda<\/li>\n\n\n\n<li>Mogu\u0107nost velike udaljenosti izme\u0111u jedinica<\/li>\n\n\n\n<li>O\u017ei\u010deni upravlja\u010d (dodatno)<\/li>\n\n\n\n<li>Smartfon kontrola (dodatno)<\/li>\n\n\n\n<li>Radni medij: R-32<\/li>\n<\/ul>\n\n\n\n<figure class=\"wp-block-table\"><table><tbody><tr><td><strong>PROIZVO\u0110A\u010c<\/strong><\/td><td>Panasonic<\/td><\/tr><tr><td><strong>MODEL<\/strong><\/td><td>KIT-BZ60-ZKE<\/td><\/tr><tr><td><strong>Brand<\/strong><\/td><td>Panasonic<\/td><\/tr><tr><td><strong>Hla\u0111enje<\/strong><\/td><td>6.00 kW<\/td><\/tr><tr><td><strong>Grijanje<\/strong><\/td><td>6.80 kW<\/td><\/tr><tr><td><strong>Raspon hla\u0111enja<\/strong><\/td><td>0,98-6,50 kW<\/td><\/tr><tr><td><strong>Raspon grijanja<\/strong><\/td><td>0,98-8,00 kW<\/td><\/tr><tr><td><strong>Energetska klasa hla\u0111enja<\/strong><\/td><td>A++<\/td><\/tr><tr><td><strong>Energetska klasa grijanja<\/strong><\/td><td>A+<\/td><\/tr><tr><td><strong>SEER\/SCOP<\/strong><\/td><td>6,40 \/ 4,10<\/td><\/tr><tr><td><strong>WI-FI upravljanje<\/strong><\/td><td>Wi-fi ready<\/td><\/tr><tr><td><strong>Ulazna snaga hla\u0111enja<\/strong><\/td><td>1,98 W<\/td><\/tr><tr><td><strong>Ulazna snaga grijanja<\/strong><\/td><td>2,15 W<\/td><\/tr><tr><td><strong>Protok vazduha<\/strong><\/td><td>1248 m3\/h<\/td><\/tr><tr><td><strong>Buka unutra\u0161nje jedinice<\/strong><\/td><td>34-45 dB(A)<\/td><\/tr><tr><td><strong>Buka vanjske jedinice<\/strong><\/td><td>50-50 dB(A)<\/td><\/tr><tr><td><strong>Dimenzije unutra\u0161nje jedinice<\/strong><\/td><td>290*779*209 mm<\/td><\/tr><tr><td><strong>Dimenzije vanjske jedinice<\/strong><\/td><td>695*875*320 mm<\/td><\/tr><tr><td><strong>Te\u017eina unutra\u0161nje jedinice<\/strong><\/td><td>9 kg<\/td><\/tr><tr><td><strong>Te\u017eina vanjske jedinice<\/strong><\/td><td>40 kg<\/td><\/tr><tr><td><strong>Max. du\u017eina cijevi<\/strong><\/td><td>30 m<\/td><\/tr><tr><td><strong>Max. visinska razlika<\/strong><\/td><td>15 m<\/td><\/tr><tr><td><strong>Napajanje<\/strong><\/td><td>220-240 V<\/td><\/tr><tr><td><strong>Freon<\/strong><\/td><td>R32<\/td><\/tr><\/tbody><\/table><\/figure>\n","protected":false},"excerpt":{"rendered":"<p>Novi Panasonic BZ inverterski modeli sna\u017eni su i u\u010dinkoviti, s izvanrednim energetskim razredom A++\/A+, jedinstveni na tr\u017ei\u0161tu! BZ radi do vanjske temperature od -15 \u00b0C u na\u010dinu rada grijanja i do -10 \u00b0C u na\u010dinu rada hla\u0111enja&nbsp;u izrazito tihom modu. Panasonic&nbsp;KIT-BZ ure\u0111aji su&nbsp;novi ure\u0111aji iz srednjeg&nbsp;ranga Panasonic palete ku\u0107nih zidnih&#8230;<\/p>\n","protected":false},"author":1,"featured_media":0,"parent":0,"menu_order":0,"comment_status":"closed","ping_status":"closed","template":"","meta":{"footnotes":""},"class_list":["post-1705","page","type-page","status-publish","hentry"],"_links":{"self":[{"href":"https:\/\/ecoheatbl.com\/index.php\/wp-json\/wp\/v2\/pages\/1705","targetHints":{"allow":["GET"]}}],"collection":[{"href":"https:\/\/ecoheatbl.com\/index.php\/wp-json\/wp\/v2\/pages"}],"about":[{"href":"https:\/\/ecoheatbl.com\/index.php\/wp-json\/wp\/v2\/types\/page"}],"author":[{"embeddable":true,"href":"https:\/\/ecoheatbl.com\/index.php\/wp-json\/wp\/v2\/users\/1"}],"replies":[{"embeddable":true,"href":"https:\/\/ecoheatbl.com\/index.php\/wp-json\/wp\/v2\/comments?post=1705"}],"version-history":[{"count":1,"href":"https:\/\/ecoheatbl.com\/index.php\/wp-json\/wp\/v2\/pages\/1705\/revisions"}],"predecessor-version":[{"id":1706,"href":"https:\/\/ecoheatbl.com\/index.php\/wp-json\/wp\/v2\/pages\/1705\/revisions\/1706"}],"wp:attachment":[{"href":"https:\/\/ecoheatbl.com\/index.php\/wp-json\/wp\/v2\/media?parent=1705"}],"curies":[{"name":"wp","href":"https:\/\/api.w.org\/{rel}","templated":true}]}}