{"id":1511,"date":"2023-08-27T10:56:30","date_gmt":"2023-08-27T10:56:30","guid":{"rendered":"https:\/\/ecoheatbl.com\/?page_id=1511"},"modified":"2023-08-27T10:56:30","modified_gmt":"2023-08-27T10:56:30","slug":"daikin-klima-uredaj-ururu-sarara-ftxz25n-rxz25n","status":"publish","type":"page","link":"https:\/\/ecoheatbl.com\/index.php\/daikin-klima-uredaj-ururu-sarara-ftxz25n-rxz25n\/","title":{"rendered":"Daikin klima ure\u0111aj Ururu Sarara FTXZ25N\/RXZ25N"},"content":{"rendered":"\n<p><\/p>\n\n\n\n<div class=\"wp-block-media-text is-stacked-on-mobile\" style=\"grid-template-columns:36% auto\"><figure class=\"wp-block-media-text__media\"><img loading=\"lazy\" decoding=\"async\" width=\"300\" height=\"281\" src=\"https:\/\/ecoheatbl.com\/wp-content\/uploads\/2023\/08\/URURU-SARARA_web.png\" alt=\"\" class=\"wp-image-1512 size-full\"\/><\/figure><div class=\"wp-block-media-text__content\">\n<p><strong>Hla\u0111enje:<\/strong>\u00a02.00 kW<\/p>\n\n\n\n<p><strong>Grijanje:<\/strong>&nbsp;3.60 kW<\/p>\n\n\n\n<p><strong>Energetska klasa hla\u0111enja:<\/strong>&nbsp;A+++<\/p>\n\n\n\n<p><strong>Energetska klasa grijanja:<\/strong>&nbsp;A+++<\/p>\n\n\n\n<p><strong>WI-FI upravljanje:<\/strong>&nbsp;Wi-fi ready<\/p>\n<\/div><\/div>\n\n\n\n<p>Najbolji klima ure\u0111aj kojeg \u0107ete prona\u0107i na tr\u017ei\u0161tu &#8211; Ururu Sarara.<br>Grijanje i hla\u0111enje dolazi u vrhunskoj izvedbi za komfor tokom cijele godine s oznakom najvi\u0161e energetske u\u010dinkovitosti,&nbsp;<strong>A+++<\/strong>.<\/p>\n\n\n\n<p>Ururu Sarara pru\u017ea potpunu kontrolu kvaliteta vazduha svojim nadmo\u0107nim osobinama.&nbsp;<strong>Funkcija Ururu<\/strong>&nbsp;zimi obnavlja vla\u017enost u vazduhu, dok&nbsp;<strong>funkcija Sarara<\/strong>&nbsp;ljeti uklanja vi\u0161ak vlage iz vazduha paze\u0107i da se vazduh ne isu\u0161i i odr\u017eavaju\u0107i pritom jednaku temperaturu. Funkcija ventilacije uvijek ventili\u0161e svje\u017e vazduh, \u010dak i sa zatvorenim prozorima.&nbsp;<br>Za potpuno zdrav vazduh koji se distribui\u0161e \u0107e se pobrinuti&nbsp;<strong>samo\u010diste\u0107i filter<\/strong>&nbsp;koji temeljino uklanja alergene, bakterije i viruse u dotoku svje\u017eeg vazduha. Filter je u neprekidnoj funkciji tokom rada klima ure\u0111aja te, zahvaljuju\u0107i njemu, ure\u0111aj ostvaruje&nbsp;<strong>u\u0161tede od \u010dak 25%<\/strong>.<br>Potpuna ugodnost omogu\u0107ena je protokom vazduha u 3 zone zbog \u010dega vazduh sti\u017ee i u najudaljenije dijelove prostorije, a zna\u010dajna je funkcija inteligentnog ispuha. Senzor prepoznaje prisutnost osoba u prostoriji i brine da se vazduh ne ispuhuje direktno u osobe. Tako\u0111e, &nbsp;kada osobe nisu u prostoriji, ure\u0111aj se automatski prebacuje u \u0161tedni na\u010din rada.&nbsp;<br>No nisu samo vrhunske performanse ono \u0161to ovaj ure\u0111aj \u010dini posebnim.&nbsp;<a rel=\"noreferrer noopener\" href=\"https:\/\/www.arijanova.hr\/novosti\/273\/daikin-ima-potpuno-rjesenje-za-savrseni-komfor\/\" target=\"_blank\">Daikin Ururu Sarara<\/a>&nbsp;osvojila je presti\u017enu nagradu Reddot za<strong>&nbsp;besprijekoran dizajn<\/strong>&nbsp;inspirisan japanskim preklopnim ventilatorom Ogi.<br>Daikin je ovaj model zapanjuju\u0107ih karakteristika kompletirao<strong>&nbsp;ultra niskim nivoom buke<\/strong>&nbsp;&#8211; tek 19 dB. Stoga, uz Ururu Sarara mo\u017eete biti sigurni da ga ne\u0107e \u010duti dok radi.<\/p>\n\n\n\n<figure class=\"wp-block-table\"><table><tbody><tr><td><strong>PROIZVO\u0110A\u010c<\/strong><\/td><td>Daikin<\/td><\/tr><tr><td><strong>MODEL<\/strong><\/td><td>FTXZ25N\/RXZ25N<\/td><\/tr><tr><td><strong>Brand<\/strong><\/td><td>Daikin<\/td><\/tr><tr><td><strong>Hla\u0111enje<\/strong><\/td><td>2.00 kW<\/td><\/tr><tr><td><strong>Grijanje<\/strong><\/td><td>3.60 kW<\/td><\/tr><tr><td><strong>Raspon hla\u0111enja<\/strong><\/td><td>0.60-3.90 kW<\/td><\/tr><tr><td><strong>Raspon grijanja<\/strong><\/td><td>0.60-7.50 kW<\/td><\/tr><tr><td><strong>Energetska klasa hla\u0111enja<\/strong><\/td><td>A+++<\/td><\/tr><tr><td><strong>Energetska klasa grijanja<\/strong><\/td><td>A+++<\/td><\/tr><tr><td><strong>SEER\/SCOP<\/strong><\/td><td>9.54 \/ 5.90<\/td><\/tr><tr><td><strong>WI-FI upravljanje<\/strong><\/td><td>Wi-fi ready<\/td><\/tr><tr><td><strong>Buka unutra\u0161nje jedinice<\/strong><\/td><td>19-38 dB(A)<\/td><\/tr><tr><td><strong>Buka vanjske jedinice<\/strong><\/td><td>46 dB(A)<\/td><\/tr><tr><td><strong>Dimenzije unutra\u0161nje jedinice<\/strong><\/td><td>798*372*295 mm<\/td><\/tr><tr><td><strong>Dimenzije vanjske jedinice<\/strong><\/td><td>795*300*693 mm<\/td><\/tr><tr><td><strong>Te\u017eina unutra\u0161nje jedinice<\/strong><\/td><td>15 kg<\/td><\/tr><tr><td><strong>Te\u017eina vanjske jedinice<\/strong><\/td><td>50 kg<\/td><\/tr><tr><td><strong>Max. du\u017eina cijevi<\/strong><\/td><td>10 m<\/td><\/tr><tr><td><strong>Max. visinska razlika<\/strong><\/td><td>8 m<\/td><\/tr><tr><td><strong>Napajanje<\/strong><\/td><td>220-240 V<\/td><\/tr><tr><td><strong>Freon<\/strong><\/td><td>R410A<\/td><\/tr><\/tbody><\/table><\/figure>\n\n\n\n<p><\/p>\n","protected":false},"excerpt":{"rendered":"<p>Hla\u0111enje:\u00a02.00 kW Grijanje:&nbsp;3.60 kW Energetska klasa hla\u0111enja:&nbsp;A+++ Energetska klasa grijanja:&nbsp;A+++ WI-FI upravljanje:&nbsp;Wi-fi ready Najbolji klima ure\u0111aj kojeg \u0107ete prona\u0107i na tr\u017ei\u0161tu &#8211; Ururu Sarara.Grijanje i hla\u0111enje dolazi u vrhunskoj izvedbi za komfor tokom cijele godine s oznakom najvi\u0161e energetske u\u010dinkovitosti,&nbsp;A+++. Ururu Sarara pru\u017ea potpunu kontrolu kvaliteta vazduha svojim nadmo\u0107nim osobinama.&nbsp;Funkcija&#8230;<\/p>\n","protected":false},"author":1,"featured_media":0,"parent":0,"menu_order":0,"comment_status":"closed","ping_status":"closed","template":"","meta":{"footnotes":""},"class_list":["post-1511","page","type-page","status-publish","hentry"],"_links":{"self":[{"href":"https:\/\/ecoheatbl.com\/index.php\/wp-json\/wp\/v2\/pages\/1511","targetHints":{"allow":["GET"]}}],"collection":[{"href":"https:\/\/ecoheatbl.com\/index.php\/wp-json\/wp\/v2\/pages"}],"about":[{"href":"https:\/\/ecoheatbl.com\/index.php\/wp-json\/wp\/v2\/types\/page"}],"author":[{"embeddable":true,"href":"https:\/\/ecoheatbl.com\/index.php\/wp-json\/wp\/v2\/users\/1"}],"replies":[{"embeddable":true,"href":"https:\/\/ecoheatbl.com\/index.php\/wp-json\/wp\/v2\/comments?post=1511"}],"version-history":[{"count":1,"href":"https:\/\/ecoheatbl.com\/index.php\/wp-json\/wp\/v2\/pages\/1511\/revisions"}],"predecessor-version":[{"id":1513,"href":"https:\/\/ecoheatbl.com\/index.php\/wp-json\/wp\/v2\/pages\/1511\/revisions\/1513"}],"wp:attachment":[{"href":"https:\/\/ecoheatbl.com\/index.php\/wp-json\/wp\/v2\/media?parent=1511"}],"curies":[{"name":"wp","href":"https:\/\/api.w.org\/{rel}","templated":true}]}}