{"id":1507,"date":"2023-08-27T10:51:50","date_gmt":"2023-08-27T10:51:50","guid":{"rendered":"https:\/\/ecoheatbl.com\/?page_id=1507"},"modified":"2023-08-27T10:51:50","modified_gmt":"2023-08-27T10:51:50","slug":"daikin-klima-uredaj-stylish-ftxa42aw-bs-bt-bbrxa42b","status":"publish","type":"page","link":"https:\/\/ecoheatbl.com\/index.php\/daikin-klima-uredaj-stylish-ftxa42aw-bs-bt-bbrxa42b\/","title":{"rendered":"Daikin klima ure\u0111aj Stylish FTXA42AW\/BS\/BT\/BB+RXA42B"},"content":{"rendered":"\n<p><\/p>\n\n\n\n<div class=\"wp-block-media-text is-stacked-on-mobile\" style=\"grid-template-columns:36% auto\"><figure class=\"wp-block-media-text__media\"><img loading=\"lazy\" decoding=\"async\" width=\"300\" height=\"268\" src=\"https:\/\/ecoheatbl.com\/wp-content\/uploads\/2023\/08\/Daikin-STYLISH_web.png\" alt=\"\" class=\"wp-image-1499 size-full\"\/><\/figure><div class=\"wp-block-media-text__content\">\n<p><strong>Hla\u0111enje:<\/strong>\u00a04.20 kW<\/p>\n\n\n\n<p><strong>Grijanje:<\/strong>&nbsp;5.40 kW<\/p>\n\n\n\n<p><strong>Energetska klasa hla\u0111enja:<\/strong>&nbsp;A++<\/p>\n\n\n\n<p><strong>Energetska klasa grijanja:<\/strong>&nbsp;A++<\/p>\n\n\n\n<p><a><strong>WI-FI upravljanje:<\/strong><\/a>&nbsp;DA<\/p>\n<\/div><\/div>\n\n\n\n<p>U Daikin Stylishu nalazimo spektakularan spoj stila i u\u010dinkovitosti. Model koji je dobitnik \u010dak tri presti\u017ene nagrade za svoj moderan i funkcionalan izgled dolazi u \u010detiri razli\u010dite boje (bijela, srebrna, crna i boja crnog drveta).<\/p>\n\n\n\n<p>Stylish je&nbsp;<strong>najkompaktiniji model klima ure\u0111aja&nbsp;na tr\u017ei\u0161tu<\/strong>, a blago zakrivljeni uglovi \u010dine ga zaista jednostavnim za uklapanje u svaki enterijer.&nbsp;<\/p>\n\n\n\n<p>No ispod nagra\u0111ivanog dizajna nalazi se jednako spektakularan spoj tehnologije i japanske inovativnosti.&nbsp;<strong>Conada-efekt<\/strong>, ve\u0107 prisutan u Ururu Sarara modelu, optimizira protok vazduha. Uz pomo\u0107 posebno dizajniranih krilaca, ciljani protok vazduha omogu\u0107ava bolju raspodjelu temperature u cijeloj prostoriji.<\/p>\n\n\n\n<p>Stylish koristi&nbsp;<strong>inteligentni toplinski senzor<\/strong>&nbsp;za mjerenje povr\u0161inske temperature za \u0161to ve\u0107i komfor. Kao i svi visokokvalitetni proizvo\u0111a\u010di, i Daikin je posvetio pa\u017enju smanjenju buke ure\u0111aja. Posebno dizajniran ventilator proizvodi nizak nivo buke uz ve\u0107u energetsku u\u010dinkovitost.&nbsp;<\/p>\n\n\n\n<p>Za potpuno bezbri\u017eno upravljanje ure\u0111ajem kada niste u blizni brine se<strong>&nbsp;Daikin Online Controller<\/strong>, aplikacija kojom kreirate savr\u0161en ugo\u0111aj po va\u0161oj mjeri.<\/p>\n\n\n\n<p>\u010citav spektar vrhunskih funkcionalnosti ugra\u0111en je u Stylish model:<\/p>\n\n\n\n<ul class=\"wp-block-list\">\n<li>Flash Streamer tehnologija za vrhunsku filtraciju vazduha<\/li>\n\n\n\n<li>Filter od titanijum apatita&nbsp;<\/li>\n\n\n\n<li>Srebrni filter za uklanjanje alergena<\/li>\n\n\n\n<li>Mogu\u0107nost povezivanja na mono i multi sisteme<\/li>\n\n\n\n<li>A+++ u hla\u0111enju i grijanju<\/li>\n<\/ul>\n\n\n\n<figure class=\"wp-block-table\"><table><tbody><tr><td><strong>PROIZVO\u0110A\u010c<\/strong><\/td><td>Daikin<\/td><\/tr><tr><td><strong>MODEL<\/strong><\/td><td>FTXA42AW\/BS\/BT\/BB+RXA42B<\/td><\/tr><tr><td><strong>Brand<\/strong><\/td><td>Daikin<\/td><\/tr><tr><td><strong>Hla\u0111enje<\/strong><\/td><td>4.20 kW<\/td><\/tr><tr><td><strong>Grijanje<\/strong><\/td><td>5.40 kW<\/td><\/tr><tr><td><strong>Raspon hla\u0111enja<\/strong><\/td><td>1.70-5.00 kW<\/td><\/tr><tr><td><strong>Raspon grijanja<\/strong><\/td><td>1.70-6.00 kW<\/td><\/tr><tr><td><strong>Energetska klasa hla\u0111enja<\/strong><\/td><td>A++<\/td><\/tr><tr><td><strong>Energetska klasa grijanja<\/strong><\/td><td>A++<\/td><\/tr><tr><td><strong>SEER\/SCOP<\/strong><\/td><td>7.50 \/ 4.60<\/td><\/tr><tr><td><strong>WI-FI upravljanje<\/strong><\/td><td>DA<\/td><\/tr><tr><td><strong>Buka unutra\u0161nje jedinice<\/strong><\/td><td>21-45 dB(A)<\/td><\/tr><tr><td><strong>Buka vanjske jedinice<\/strong><\/td><td>48 dB(A)<\/td><\/tr><tr><td><strong>Dimenzije unutra\u0161nje jedinice<\/strong><\/td><td>798*189*295 mm<\/td><\/tr><tr><td><strong>Dimenzije vanjske jedinice<\/strong><\/td><td>825*300*735 mm<\/td><\/tr><tr><td><strong>Te\u017eina unutra\u0161nje jedinice<\/strong><\/td><td>12 kg<\/td><\/tr><tr><td><strong>Te\u017eina vanjske jedinice<\/strong><\/td><td>46 kg<\/td><\/tr><tr><td><strong>Max. du\u017eina cijevi<\/strong><\/td><td>30 m<\/td><\/tr><tr><td><strong>Max. visinska razlika<\/strong><\/td><td>20 m<\/td><\/tr><tr><td><strong>Napajanje<\/strong><\/td><td>220-240 V<\/td><\/tr><tr><td><strong>Freon<\/strong><\/td><td>R32<\/td><\/tr><\/tbody><\/table><\/figure>\n","protected":false},"excerpt":{"rendered":"<p>Hla\u0111enje:\u00a04.20 kW Grijanje:&nbsp;5.40 kW Energetska klasa hla\u0111enja:&nbsp;A++ Energetska klasa grijanja:&nbsp;A++ WI-FI upravljanje:&nbsp;DA U Daikin Stylishu nalazimo spektakularan spoj stila i u\u010dinkovitosti. Model koji je dobitnik \u010dak tri presti\u017ene nagrade za svoj moderan i funkcionalan izgled dolazi u \u010detiri razli\u010dite boje (bijela, srebrna, crna i boja crnog drveta). Stylish je&nbsp;najkompaktiniji model&#8230;<\/p>\n","protected":false},"author":1,"featured_media":0,"parent":0,"menu_order":0,"comment_status":"closed","ping_status":"closed","template":"","meta":{"footnotes":""},"class_list":["post-1507","page","type-page","status-publish","hentry"],"_links":{"self":[{"href":"https:\/\/ecoheatbl.com\/index.php\/wp-json\/wp\/v2\/pages\/1507","targetHints":{"allow":["GET"]}}],"collection":[{"href":"https:\/\/ecoheatbl.com\/index.php\/wp-json\/wp\/v2\/pages"}],"about":[{"href":"https:\/\/ecoheatbl.com\/index.php\/wp-json\/wp\/v2\/types\/page"}],"author":[{"embeddable":true,"href":"https:\/\/ecoheatbl.com\/index.php\/wp-json\/wp\/v2\/users\/1"}],"replies":[{"embeddable":true,"href":"https:\/\/ecoheatbl.com\/index.php\/wp-json\/wp\/v2\/comments?post=1507"}],"version-history":[{"count":1,"href":"https:\/\/ecoheatbl.com\/index.php\/wp-json\/wp\/v2\/pages\/1507\/revisions"}],"predecessor-version":[{"id":1508,"href":"https:\/\/ecoheatbl.com\/index.php\/wp-json\/wp\/v2\/pages\/1507\/revisions\/1508"}],"wp:attachment":[{"href":"https:\/\/ecoheatbl.com\/index.php\/wp-json\/wp\/v2\/media?parent=1507"}],"curies":[{"name":"wp","href":"https:\/\/api.w.org\/{rel}","templated":true}]}}