{"id":1495,"date":"2023-08-27T10:31:19","date_gmt":"2023-08-27T10:31:19","guid":{"rendered":"https:\/\/ecoheatbl.com\/?page_id=1495"},"modified":"2023-08-27T10:31:19","modified_gmt":"2023-08-27T10:31:19","slug":"daikin-klima-uredaj-perfera-ftxm71r-rxm71r","status":"publish","type":"page","link":"https:\/\/ecoheatbl.com\/index.php\/daikin-klima-uredaj-perfera-ftxm71r-rxm71r\/","title":{"rendered":"Daikin klima ure\u0111aj Perfera FTXM71R\/RXM71R"},"content":{"rendered":"\n<p><\/p>\n\n\n\n<div class=\"wp-block-media-text is-stacked-on-mobile\" style=\"grid-template-columns:36% auto\"><figure class=\"wp-block-media-text__media\"><img loading=\"lazy\" decoding=\"async\" width=\"300\" height=\"284\" src=\"https:\/\/ecoheatbl.com\/wp-content\/uploads\/2023\/08\/Daikin-PERFERA-W-1_web.png\" alt=\"\" class=\"wp-image-1483 size-full\"\/><\/figure><div class=\"wp-block-media-text__content\">\n<p><strong>Hla\u0111enje:<\/strong>\u00a07.10 kW<\/p>\n\n\n\n<p><strong>Grijanje:<\/strong>&nbsp;8.20 kW<\/p>\n\n\n\n<p><strong>Energetska klasa hla\u0111enja:<\/strong>&nbsp;A++<\/p>\n\n\n\n<p><strong>Energetska klasa grijanja:<\/strong>&nbsp;A++<\/p>\n\n\n\n<p><strong>WI-FI upravljanje:<\/strong>&nbsp;DA<\/p>\n<\/div><\/div>\n\n\n\n<p>Savr\u0161en komfor u kombinaciji sa sofisticiranim dizajnom u najvi\u0161oj energetskoj klasi,&nbsp;<strong>A+++<\/strong>.<\/p>\n\n\n\n<p>Ure\u0111aj distribuira naj\u010di\u0161\u0107i mogu\u0107i vazduh zahvaljuju\u0107i&nbsp;<a href=\"https:\/\/shop.arijanova.hr\/blog\/1-daikin-razvio-tehnologiju-koja-suzbija-koronavirus\/\" target=\"_blank\" rel=\"noreferrer noopener\"><strong>Flash Streamer<\/strong><\/a><strong>&nbsp;<\/strong>tehnologiji te Silver antialergijskom filteru.&nbsp;<\/p>\n\n\n\n<p>Dolazi s ugra\u0111enim<strong>&nbsp;Daikin Residential Controller<\/strong>-om koji je spojiv na usluge glasovnog upravljanja. Kompatibilan je sa Amazon Alexom i Google Asistantom.<\/p>\n\n\n\n<p>Perfera je klima ure\u0111aj koji je u radu ne\u010dujan. Proizvodi tako nizak nivo buke da \u0107ete zasigurno zaboraviti da je u prostoriji.&nbsp;<\/p>\n\n\n\n<p>Velike u\u0161tede u potro\u0161nji ostvaruje&nbsp;<strong>vi\u0161ezonski senzor pokreta&nbsp;<\/strong>koji detektuje prisutnost ljudi u prostoriji i sprje\u010dava direktno strujanje vazduha u njihovom smjeru. Od ostalih bitnih karakteristika Daikin Perfere izdvajamo:<\/p>\n\n\n\n<ul class=\"wp-block-list\">\n<li>Econo na\u010din rada<\/li>\n\n\n\n<li>No\u0107ni na\u010din rada<\/li>\n\n\n\n<li>U\u0161teda energije tijekom na\u010dina rada u stanju mirovanja<\/li>\n\n\n\n<li>Automatski na\u010din rada<\/li>\n\n\n\n<li>Sna\u017eni na\u010din rada<\/li>\n\n\n\n<li>Infracrveno daljinsko upravljanje<\/li>\n\n\n\n<li>\u017di\u010dani daljinski upravlja\u010d<\/li>\n\n\n\n<li>Samodijagnostika<\/li>\n\n\n\n<li>Odvla\u017eivanje<\/li>\n<\/ul>\n\n\n\n<figure class=\"wp-block-table\"><table><tbody><tr><td><strong>PROIZVO\u0110A\u010c<\/strong><\/td><td>Daikin<\/td><\/tr><tr><td><strong>MODEL<\/strong><\/td><td>FTXM71R\/RXM71R<\/td><\/tr><tr><td><strong>Brand<\/strong><\/td><td>Daikin<\/td><\/tr><tr><td><strong>Hla\u0111enje<\/strong><\/td><td>7.10 kW<\/td><\/tr><tr><td><strong>Grijanje<\/strong><\/td><td>8.20 kW<\/td><\/tr><tr><td><strong>Raspon hla\u0111enja<\/strong><\/td><td>2.30-8.50 kW<\/td><\/tr><tr><td><strong>Raspon grijanja<\/strong><\/td><td>2.30-10.20 kW<\/td><\/tr><tr><td><strong>Energetska klasa hla\u0111enja<\/strong><\/td><td>A++<\/td><\/tr><tr><td><strong>Energetska klasa grijanja<\/strong><\/td><td>A++<\/td><\/tr><tr><td><strong>SEER\/SCOP<\/strong><\/td><td>6.20 \/ 4.10<\/td><\/tr><tr><td><strong>WI-FI upravljanje<\/strong><\/td><td>DA<\/td><\/tr><tr><td><strong>Buka unutra\u0161nje jedinice<\/strong><\/td><td>32-47 dB(A)<\/td><\/tr><tr><td><strong>Buka vanjske jedinice<\/strong><\/td><td>47 dB(A)<\/td><\/tr><tr><td><strong>Dimenzije unutra\u0161nje jedinice<\/strong><\/td><td>299*998*292 mm<\/td><\/tr><tr><td><strong>Dimenzije vanjske jedinice<\/strong><\/td><td>734*954*401 mm<\/td><\/tr><tr><td><strong>Te\u017eina unutra\u0161nje jedinice<\/strong><\/td><td>12 kg<\/td><\/tr><tr><td><strong>Te\u017eina vanjske jedinice<\/strong><\/td><td>60 kg<\/td><\/tr><tr><td><strong>Max. du\u017eina cijevi<\/strong><\/td><td>30 m<\/td><\/tr><tr><td><strong>Max. visinska razlika<\/strong><\/td><td>20 m<\/td><\/tr><tr><td><strong>Napajanje<\/strong><\/td><td>220-240 V<\/td><\/tr><tr><td><strong>Freon<\/strong><\/td><td>R32<\/td><\/tr><\/tbody><\/table><\/figure>\n","protected":false},"excerpt":{"rendered":"<p>Hla\u0111enje:\u00a07.10 kW Grijanje:&nbsp;8.20 kW Energetska klasa hla\u0111enja:&nbsp;A++ Energetska klasa grijanja:&nbsp;A++ WI-FI upravljanje:&nbsp;DA Savr\u0161en komfor u kombinaciji sa sofisticiranim dizajnom u najvi\u0161oj energetskoj klasi,&nbsp;A+++. Ure\u0111aj distribuira naj\u010di\u0161\u0107i mogu\u0107i vazduh zahvaljuju\u0107i&nbsp;Flash Streamer&nbsp;tehnologiji te Silver antialergijskom filteru.&nbsp; Dolazi s ugra\u0111enim&nbsp;Daikin Residential Controller-om koji je spojiv na usluge glasovnog upravljanja. Kompatibilan je sa Amazon&#8230;<\/p>\n","protected":false},"author":1,"featured_media":0,"parent":0,"menu_order":0,"comment_status":"closed","ping_status":"closed","template":"","meta":{"footnotes":""},"class_list":["post-1495","page","type-page","status-publish","hentry"],"_links":{"self":[{"href":"https:\/\/ecoheatbl.com\/index.php\/wp-json\/wp\/v2\/pages\/1495","targetHints":{"allow":["GET"]}}],"collection":[{"href":"https:\/\/ecoheatbl.com\/index.php\/wp-json\/wp\/v2\/pages"}],"about":[{"href":"https:\/\/ecoheatbl.com\/index.php\/wp-json\/wp\/v2\/types\/page"}],"author":[{"embeddable":true,"href":"https:\/\/ecoheatbl.com\/index.php\/wp-json\/wp\/v2\/users\/1"}],"replies":[{"embeddable":true,"href":"https:\/\/ecoheatbl.com\/index.php\/wp-json\/wp\/v2\/comments?post=1495"}],"version-history":[{"count":1,"href":"https:\/\/ecoheatbl.com\/index.php\/wp-json\/wp\/v2\/pages\/1495\/revisions"}],"predecessor-version":[{"id":1496,"href":"https:\/\/ecoheatbl.com\/index.php\/wp-json\/wp\/v2\/pages\/1495\/revisions\/1496"}],"wp:attachment":[{"href":"https:\/\/ecoheatbl.com\/index.php\/wp-json\/wp\/v2\/media?parent=1495"}],"curies":[{"name":"wp","href":"https:\/\/api.w.org\/{rel}","templated":true}]}}