{"id":1436,"date":"2023-08-27T09:08:53","date_gmt":"2023-08-27T09:08:53","guid":{"rendered":"https:\/\/ecoheatbl.com\/?page_id=1436"},"modified":"2023-08-27T09:08:53","modified_gmt":"2023-08-27T09:08:53","slug":"daikin-klima-uredaj-podna-fvxm35f-rxm35r","status":"publish","type":"page","link":"https:\/\/ecoheatbl.com\/index.php\/daikin-klima-uredaj-podna-fvxm35f-rxm35r\/","title":{"rendered":"Daikin klima ure\u0111aj Podna FVXM35F\/RXM35R"},"content":{"rendered":"\n<p><\/p>\n\n\n\n<div class=\"wp-block-media-text is-stacked-on-mobile\" style=\"grid-template-columns:28% auto\"><figure class=\"wp-block-media-text__media\"><img loading=\"lazy\" decoding=\"async\" width=\"286\" height=\"429\" src=\"https:\/\/ecoheatbl.com\/wp-content\/uploads\/2023\/08\/Daikin-PODNA-1_web.png\" alt=\"\" class=\"wp-image-1433 size-full\" srcset=\"https:\/\/ecoheatbl.com\/wp-content\/uploads\/2023\/08\/Daikin-PODNA-1_web.png 286w, https:\/\/ecoheatbl.com\/wp-content\/uploads\/2023\/08\/Daikin-PODNA-1_web-200x300.png 200w\" sizes=\"auto, (max-width: 286px) 100vw, 286px\" \/><\/figure><div class=\"wp-block-media-text__content\">\n<p><strong>Hla\u0111enje:<\/strong>\u00a03.50 kW<\/p>\n\n\n\n<p><strong>Grijanje:<\/strong>\u00a04.50 kW<\/p>\n\n\n\n<p><strong>Energetska klasa hla\u0111enja:<\/strong>&nbsp;A++<\/p>\n\n\n\n<p><strong>Energetska klasa grijanja:<\/strong>&nbsp;A+<\/p>\n\n\n\n<p><strong>WI-FI upravljanje:<\/strong>&nbsp;DA<\/p>\n<\/div><\/div>\n\n\n\n<p>Kompaktan Daikin podni klima ure\u0111aj koji \u0107e vas pridobiti odli\u010dnom izvedbom i bogatim karakteristikama.<\/p>\n\n\n\n<p>Moderan dizajn omogu\u0107uje lako uklapanje u sve enterijere, a zahvaljuju\u0107i malim dimenzijama, ova je jedinica idealna za postavljanje ispod prozora. Ispuh vazduha je kontrolisan pomo\u0107u dvije lamele koje se brinu za mekan i ugodan osje\u0107aj, dok je podni ispuh tu da bi stvorio osje\u0107aj podnog grijanja. Sa &nbsp;ovom jedinicom stvara se potpuni komfor za va\u0161a stopala tokom cijele zime.&nbsp;<br>Podna jedinica je sasvim diskretna i tiha te je&nbsp;ni na koji na\u010din ne\u0107e primje\u0107ivati u prostoriji.&nbsp;<\/p>\n\n\n\n<figure class=\"wp-block-table\"><table><tbody><tr><td><strong>PROIZVO\u0110A\u010c<\/strong><\/td><td>Daikin<\/td><\/tr><tr><td><strong>MODEL<\/strong><\/td><td>FVXM35F\/RXM35R<\/td><\/tr><tr><td><strong>Brand<\/strong><\/td><td>Daikin<\/td><\/tr><tr><td><strong>Hla\u0111enje<\/strong><\/td><td>3.50 kW<\/td><\/tr><tr><td><strong>Grijanje<\/strong><\/td><td>4.50 kW<\/td><\/tr><tr><td><strong>Raspon hla\u0111enja<\/strong><\/td><td>1.40-3.80 kW<\/td><\/tr><tr><td><strong>Raspon grijanja<\/strong><\/td><td>1.40-5.00 kW<\/td><\/tr><tr><td><strong>Energetska klasa hla\u0111enja<\/strong><\/td><td>A++<\/td><\/tr><tr><td><strong>Energetska klasa grijanja<\/strong><\/td><td>A+<\/td><\/tr><tr><td><strong>SEER \/ SCOP<\/strong><\/td><td>6.43 \/ 4.00<\/td><\/tr><tr><td><strong>WI-FI upravljanje<\/strong><\/td><td>DA<\/td><\/tr><tr><td><strong>Buka unutra\u0161nje jedinice<\/strong><\/td><td>24-39 dB(A)<\/td><\/tr><tr><td><strong>Buka vanjske jedinice<\/strong><\/td><td>49 dB(A)<\/td><\/tr><tr><td><strong>Dimenzije unutra\u0161nje jedinice<\/strong><\/td><td>600*700*210 mm<\/td><\/tr><tr><td><strong>Dimenzije vanjske jedinice<\/strong><\/td><td>550*765*285 mm<\/td><\/tr><tr><td><strong>Te\u017eina unutra\u0161nje jedinice<\/strong><\/td><td>14 kg<\/td><\/tr><tr><td><strong>Max. du\u017eina cijevi<\/strong><\/td><td>20 m<\/td><\/tr><tr><td><strong>Max. visinska razlika<\/strong><\/td><td>15 m<\/td><\/tr><tr><td><strong>Napajanje<\/strong><\/td><td>220-240 V<\/td><\/tr><tr><td><strong>Freon<\/strong><\/td><td>R32<\/td><\/tr><\/tbody><\/table><\/figure>\n\n\n\n<p><\/p>\n","protected":false},"excerpt":{"rendered":"<p>Hla\u0111enje:\u00a03.50 kW Grijanje:\u00a04.50 kW Energetska klasa hla\u0111enja:&nbsp;A++ Energetska klasa grijanja:&nbsp;A+ WI-FI upravljanje:&nbsp;DA Kompaktan Daikin podni klima ure\u0111aj koji \u0107e vas pridobiti odli\u010dnom izvedbom i bogatim karakteristikama. Moderan dizajn omogu\u0107uje lako uklapanje u sve enterijere, a zahvaljuju\u0107i malim dimenzijama, ova je jedinica idealna za postavljanje ispod prozora. Ispuh vazduha je kontrolisan&#8230;<\/p>\n","protected":false},"author":1,"featured_media":0,"parent":0,"menu_order":0,"comment_status":"closed","ping_status":"closed","template":"","meta":{"footnotes":""},"class_list":["post-1436","page","type-page","status-publish","hentry"],"_links":{"self":[{"href":"https:\/\/ecoheatbl.com\/index.php\/wp-json\/wp\/v2\/pages\/1436","targetHints":{"allow":["GET"]}}],"collection":[{"href":"https:\/\/ecoheatbl.com\/index.php\/wp-json\/wp\/v2\/pages"}],"about":[{"href":"https:\/\/ecoheatbl.com\/index.php\/wp-json\/wp\/v2\/types\/page"}],"author":[{"embeddable":true,"href":"https:\/\/ecoheatbl.com\/index.php\/wp-json\/wp\/v2\/users\/1"}],"replies":[{"embeddable":true,"href":"https:\/\/ecoheatbl.com\/index.php\/wp-json\/wp\/v2\/comments?post=1436"}],"version-history":[{"count":1,"href":"https:\/\/ecoheatbl.com\/index.php\/wp-json\/wp\/v2\/pages\/1436\/revisions"}],"predecessor-version":[{"id":1437,"href":"https:\/\/ecoheatbl.com\/index.php\/wp-json\/wp\/v2\/pages\/1436\/revisions\/1437"}],"wp:attachment":[{"href":"https:\/\/ecoheatbl.com\/index.php\/wp-json\/wp\/v2\/media?parent=1436"}],"curies":[{"name":"wp","href":"https:\/\/api.w.org\/{rel}","templated":true}]}}