{"id":1429,"date":"2023-08-14T17:56:59","date_gmt":"2023-08-14T17:56:59","guid":{"rendered":"https:\/\/ecoheatbl.com\/?page_id=1429"},"modified":"2023-08-14T17:56:59","modified_gmt":"2023-08-14T17:56:59","slug":"daikin-klima-uredaj-emura-ftxj50aw-s-brxj50m","status":"publish","type":"page","link":"https:\/\/ecoheatbl.com\/index.php\/daikin-klima-uredaj-emura-ftxj50aw-s-brxj50m\/","title":{"rendered":"Daikin klima ure\u0111aj Emura FTXJ50AW\/S\/B+RXJ50M"},"content":{"rendered":"\n<p><strong>Hla\u0111enje:<\/strong>&nbsp;4.80 kW<\/p>\n\n\n\n<p><strong>Grijanje:<\/strong>&nbsp;5.80 kW<\/p>\n\n\n\n<p><strong>Energetska klasa hla\u0111enja:<\/strong>&nbsp;A++<\/p>\n\n\n\n<p><strong>Energetska klasa grijanja:<\/strong>&nbsp;A++<\/p>\n\n\n\n<p><strong>WI-FI upravljanje:<\/strong>&nbsp;DA<\/p>\n\n\n\n<figure class=\"wp-block-table\"><table><tbody><tr><td><strong>PROIZVO\u0110A\u010c<\/strong><\/td><td>Daikin<\/td><\/tr><tr><td><strong>MODEL<\/strong><\/td><td>FTXJ50AW\/S\/B+RXJ50M<\/td><\/tr><tr><td><strong>Brand<\/strong><\/td><td>Daikin<\/td><\/tr><tr><td><strong>Hla\u0111enje<\/strong><\/td><td>4.80 kW<\/td><\/tr><tr><td><strong>Grijanje<\/strong><\/td><td>5.80 kW<\/td><\/tr><tr><td><strong>Raspon hla\u0111enja<\/strong><\/td><td>1.40-5.50 kW<\/td><\/tr><tr><td><strong>Raspon grijanja<\/strong><\/td><td>1.10-7.00 kW<\/td><\/tr><tr><td><strong>Energetska klasa hla\u0111enja<\/strong><\/td><td>A++<\/td><\/tr><tr><td><strong>Energetska klasa grijanja<\/strong><\/td><td>A++<\/td><\/tr><tr><td><strong>SEER\/SCOP<\/strong><\/td><td>7.02 \/ 4.60<\/td><\/tr><tr><td><strong>WI-FI upravljanje<\/strong><\/td><td>DA<\/td><\/tr><tr><td><strong>Buka unutra\u0161nje jedinice<\/strong><\/td><td>25-46 dB(A)<\/td><\/tr><tr><td><strong>Buka vanjske jedinice<\/strong><\/td><td>48 dB(A)<\/td><\/tr><tr><td><strong>Dimenzije unutra\u0161nje jedinice<\/strong><\/td><td>303*998*285 mm<\/td><\/tr><tr><td><strong>Dimenzije vanjske jedinice<\/strong><\/td><td>734*870*373 mm<\/td><\/tr><tr><td><strong>Te\u017eina unutra\u0161nje jedinice<\/strong><\/td><td>12 kg<\/td><\/tr><tr><td><strong>Te\u017eina vanjske jedinice<\/strong><\/td><td>34 kg<\/td><\/tr><tr><td><strong>Max. du\u017eina cijevi<\/strong><\/td><td>30 m<\/td><\/tr><tr><td><strong>Max. visinska razlika<\/strong><\/td><td>20 m<\/td><\/tr><tr><td><strong>Napajanje<\/strong><\/td><td>220-240 V<\/td><\/tr><tr><td><strong>Freon<\/strong><\/td><td>R32<\/td><\/tr><\/tbody><\/table><\/figure>\n\n\n\n<p>Daikin Emura je model dizajniran u Evropi kako bi zadovoljio evropski osje\u0107aj za stil i zbog istoga je primio nekoliko priznanja. No osim izvanrednom dizajnu, pa\u017enja je posve\u0107ena i funkcionalnostima.<\/p>\n\n\n\n<p>\u010cisto\u0107a procesuiranog zraka je na prvom mjestu. Iz tog je razloga u Emuru integrisan&nbsp;<strong>srebrni filter<\/strong>&nbsp;za uklanjanje alergena i ne\u010disto\u0107a. Dokazano uni\u0161tava \u010dak 99% \u0161tetnih \u010destica iz vazduha.<\/p>\n\n\n\n<p>\u010cist i filtriran vazduh neupitno dopire u sve dijelove prostorije zahvaljuju\u0107i opciji&nbsp;<strong>3D protoka vazduha<\/strong>, dok&nbsp;<strong>vi\u0161ezonski senzor<\/strong>&nbsp;detektuje prisutnost osoba u prostoriji&nbsp; i onemogu\u0107ava direktni ispuh vazduha u ljude.&nbsp;<\/p>\n\n\n\n<p>Emurom se mo\u017ee upravljati putem aplikacije jer dolazi s ugra\u0111enim&nbsp;<strong>WiFi&nbsp;<\/strong>modulom. I unutra\u0161nja i vanjska jedinica napravljene su tako da proizvode minimalan nivo buke, a tu je i mno\u0161tvo drugih prednosti:<\/p>\n\n\n\n<ul class=\"wp-block-list\">\n<li>Automatski na\u010din rada<\/li>\n\n\n\n<li>Sna\u017eni na\u010din rada<\/li>\n\n\n\n<li>Sedmi\u010dni timer<\/li>\n\n\n\n<li>Samodijagnostika<\/li>\n\n\n\n<li>Koraci brzine ventilatora<\/li>\n\n\n\n<li>Odvla\u017eivanje<\/li>\n\n\n\n<li>U\u0161teda do 80% u stanju mirovanja<\/li>\n<\/ul>\n","protected":false},"excerpt":{"rendered":"<p>Hla\u0111enje:&nbsp;4.80 kW Grijanje:&nbsp;5.80 kW Energetska klasa hla\u0111enja:&nbsp;A++ Energetska klasa grijanja:&nbsp;A++ WI-FI upravljanje:&nbsp;DA PROIZVO\u0110A\u010c Daikin MODEL FTXJ50AW\/S\/B+RXJ50M Brand Daikin Hla\u0111enje 4.80 kW Grijanje 5.80 kW Raspon hla\u0111enja 1.40-5.50 kW Raspon grijanja 1.10-7.00 kW Energetska klasa hla\u0111enja A++ Energetska klasa grijanja A++ SEER\/SCOP 7.02 \/ 4.60 WI-FI upravljanje DA Buka unutra\u0161nje jedinice&#8230;<\/p>\n","protected":false},"author":1,"featured_media":0,"parent":0,"menu_order":0,"comment_status":"closed","ping_status":"closed","template":"","meta":{"footnotes":""},"class_list":["post-1429","page","type-page","status-publish","hentry"],"_links":{"self":[{"href":"https:\/\/ecoheatbl.com\/index.php\/wp-json\/wp\/v2\/pages\/1429","targetHints":{"allow":["GET"]}}],"collection":[{"href":"https:\/\/ecoheatbl.com\/index.php\/wp-json\/wp\/v2\/pages"}],"about":[{"href":"https:\/\/ecoheatbl.com\/index.php\/wp-json\/wp\/v2\/types\/page"}],"author":[{"embeddable":true,"href":"https:\/\/ecoheatbl.com\/index.php\/wp-json\/wp\/v2\/users\/1"}],"replies":[{"embeddable":true,"href":"https:\/\/ecoheatbl.com\/index.php\/wp-json\/wp\/v2\/comments?post=1429"}],"version-history":[{"count":1,"href":"https:\/\/ecoheatbl.com\/index.php\/wp-json\/wp\/v2\/pages\/1429\/revisions"}],"predecessor-version":[{"id":1430,"href":"https:\/\/ecoheatbl.com\/index.php\/wp-json\/wp\/v2\/pages\/1429\/revisions\/1430"}],"wp:attachment":[{"href":"https:\/\/ecoheatbl.com\/index.php\/wp-json\/wp\/v2\/media?parent=1429"}],"curies":[{"name":"wp","href":"https:\/\/api.w.org\/{rel}","templated":true}]}}