{"id":1413,"date":"2023-08-14T17:38:59","date_gmt":"2023-08-14T17:38:59","guid":{"rendered":"https:\/\/ecoheatbl.com\/?page_id=1413"},"modified":"2023-08-14T17:38:59","modified_gmt":"2023-08-14T17:38:59","slug":"daikin-klima-uredaj-comfora-ftxp25m9-rxp25m","status":"publish","type":"page","link":"https:\/\/ecoheatbl.com\/index.php\/daikin-klima-uredaj-comfora-ftxp25m9-rxp25m\/","title":{"rendered":"Daikin klima ure\u0111aj Comfora FTXP25M9\/RXP25M"},"content":{"rendered":"\n<p><strong>Hla\u0111enje:<\/strong>&nbsp;2.50 kW<\/p>\n\n\n\n<p><strong>Grijanje:<\/strong>&nbsp;3.00 kW<\/p>\n\n\n\n<p><strong>Energetska klasa hla\u0111enja:<\/strong>&nbsp;A++<\/p>\n\n\n\n<p><strong>Energetska klasa grijanja:<\/strong>&nbsp;A++<\/p>\n\n\n\n<p><strong>WI-FI upravljanje:<\/strong>&nbsp;DA<\/p>\n\n\n\n<figure class=\"wp-block-table\"><table><tbody><tr><td><strong>PROIZVO\u0110A\u010c<\/strong><\/td><td>Daikin<\/td><\/tr><tr><td><strong>MODEL<\/strong><\/td><td>FTXP25M9\/RXP25M<\/td><\/tr><tr><td><strong>Brand<\/strong><\/td><td>Daikin<\/td><\/tr><tr><td><strong>Hla\u0111enje<\/strong><\/td><td>2.50 kW<\/td><\/tr><tr><td><strong>Grijanje<\/strong><\/td><td>3.00 kW<\/td><\/tr><tr><td><strong>Raspon hla\u0111enja<\/strong><\/td><td>1.30-4.00 kW<\/td><\/tr><tr><td><strong>Raspon grijanja<\/strong><\/td><td>1.30-4.80 kW<\/td><\/tr><tr><td><strong>Energetska klasa hla\u0111enja<\/strong><\/td><td>A++<\/td><\/tr><tr><td><strong>Energetska klasa grijanja<\/strong><\/td><td>A++<\/td><\/tr><tr><td><strong>SEER\/SCOP<\/strong><\/td><td>6.92 \/ 4.61<\/td><\/tr><tr><td><strong>WI-FI upravljanje<\/strong><\/td><td>DA<\/td><\/tr><tr><td><strong>Buka unutra\u0161nje jedinice<\/strong><\/td><td>19-40 dB(A)<\/td><\/tr><tr><td><strong>Buka vanjske jedinice<\/strong><\/td><td>48 dB(A)<\/td><\/tr><tr><td><strong>Dimenzije unutra\u0161nje jedinice<\/strong><\/td><td>286*770*225 mm<\/td><\/tr><tr><td><strong>Dimenzije vanjske jedinice<\/strong><\/td><td>550*658*275 mm<\/td><\/tr><tr><td><strong>Te\u017eina unutra\u0161nje jedinice<\/strong><\/td><td>8 kg<\/td><\/tr><tr><td><strong>Max. du\u017eina cijevi<\/strong><\/td><td>15 m<\/td><\/tr><tr><td><strong>Max. visinska razlika<\/strong><\/td><td>12 m<\/td><\/tr><tr><td><strong>Napajanje<\/strong><\/td><td>220-240 V<\/td><\/tr><tr><td><strong>Freon<\/strong><\/td><td>R32<\/td><\/tr><\/tbody><\/table><\/figure>\n\n\n\n<p>Diskretna zidna jedinica koja pru\u017ea visoku u\u010dinkovitost i kvalitet.<\/p>\n\n\n\n<p>Daikin Comfora je u radu prakti\u010dno ne\u010dujna.&nbsp;Zahvaljuju\u0107i naprednom sistemu proizvodi tek zanemariv nivo buke. Ravnomjerna raspodjela vazduha i u najudaljenije prostore postignuta je opcijom<strong>&nbsp;3D protok vazduha<\/strong>. Istovremeno, senzor detekcije pokreta radi na u\u0161tedi energije i smanjenju nepotrebnog ispuha vazduha tako \u0161to ne ispuhuje vazduh direktno u osobe koje su u prostoriji.<\/p>\n\n\n\n<p>Vrhunski vazduh ostvaruje se sofisticiranim filterskim sistemom koji koristi&nbsp;<strong>Flash Streamer<\/strong>&nbsp;tehnologiju.&nbsp;<\/p>\n\n\n\n<p>Od ostalih bogatih prednosti Comfore izdvajamo:<\/p>\n\n\n\n<ul class=\"wp-block-list\">\n<li>Deodoriraju\u0107i filter od titanijum apatita<\/li>\n\n\n\n<li>Vazdu\u0161ni filter<\/li>\n\n\n\n<li>Program odvla\u017eivanja<\/li>\n\n\n\n<li>Automatska brzina ventilatora<\/li>\n\n\n\n<li>Okomiti automatski swing<\/li>\n\n\n\n<li>5 brzina&nbsp;ventilatora&nbsp;<\/li>\n\n\n\n<li>Automatsko pokretanje<\/li>\n\n\n\n<li>Samodijagnostika<\/li>\n<\/ul>\n","protected":false},"excerpt":{"rendered":"<p>Hla\u0111enje:&nbsp;2.50 kW Grijanje:&nbsp;3.00 kW Energetska klasa hla\u0111enja:&nbsp;A++ Energetska klasa grijanja:&nbsp;A++ WI-FI upravljanje:&nbsp;DA PROIZVO\u0110A\u010c Daikin MODEL FTXP25M9\/RXP25M Brand Daikin Hla\u0111enje 2.50 kW Grijanje 3.00 kW Raspon hla\u0111enja 1.30-4.00 kW Raspon grijanja 1.30-4.80 kW Energetska klasa hla\u0111enja A++ Energetska klasa grijanja A++ SEER\/SCOP 6.92 \/ 4.61 WI-FI upravljanje DA Buka unutra\u0161nje jedinice&#8230;<\/p>\n","protected":false},"author":1,"featured_media":0,"parent":0,"menu_order":0,"comment_status":"closed","ping_status":"closed","template":"","meta":{"footnotes":""},"class_list":["post-1413","page","type-page","status-publish","hentry"],"_links":{"self":[{"href":"https:\/\/ecoheatbl.com\/index.php\/wp-json\/wp\/v2\/pages\/1413","targetHints":{"allow":["GET"]}}],"collection":[{"href":"https:\/\/ecoheatbl.com\/index.php\/wp-json\/wp\/v2\/pages"}],"about":[{"href":"https:\/\/ecoheatbl.com\/index.php\/wp-json\/wp\/v2\/types\/page"}],"author":[{"embeddable":true,"href":"https:\/\/ecoheatbl.com\/index.php\/wp-json\/wp\/v2\/users\/1"}],"replies":[{"embeddable":true,"href":"https:\/\/ecoheatbl.com\/index.php\/wp-json\/wp\/v2\/comments?post=1413"}],"version-history":[{"count":1,"href":"https:\/\/ecoheatbl.com\/index.php\/wp-json\/wp\/v2\/pages\/1413\/revisions"}],"predecessor-version":[{"id":1414,"href":"https:\/\/ecoheatbl.com\/index.php\/wp-json\/wp\/v2\/pages\/1413\/revisions\/1414"}],"wp:attachment":[{"href":"https:\/\/ecoheatbl.com\/index.php\/wp-json\/wp\/v2\/media?parent=1413"}],"curies":[{"name":"wp","href":"https:\/\/api.w.org\/{rel}","templated":true}]}}