{"id":1342,"date":"2023-08-09T16:10:39","date_gmt":"2023-08-09T16:10:39","guid":{"rendered":"https:\/\/ecoheatbl.com\/?page_id=1342"},"modified":"2023-08-09T16:10:39","modified_gmt":"2023-08-09T16:10:39","slug":"panasonic-free-multi-inverter-cu-3z52tbe","status":"publish","type":"page","link":"https:\/\/ecoheatbl.com\/index.php\/panasonic-free-multi-inverter-cu-3z52tbe\/","title":{"rendered":"Panasonic FREE MULTI INVERTER CU-3Z52TBE"},"content":{"rendered":"\n<p><strong>vanjska jedinica za MULTI SISTEM klima ure\u0111aj<\/strong><\/p>\n\n\n\n<p><strong>Hla\u0111enje:<\/strong>&nbsp;5.20 kW<\/p>\n\n\n\n<p><strong>Grijanje:<\/strong>&nbsp;6.80 kW<\/p>\n\n\n\n<p><strong>Energetska klasa hla\u0111enja:<\/strong>&nbsp;A+++<\/p>\n\n\n\n<p><strong>Energetska klasa grijanja:<\/strong>&nbsp;A+<\/p>\n\n\n\n<p><strong>Mogu\u0107nost spajanja do:<\/strong>&nbsp;3 unutra\u0161nje jedinice<\/p>\n\n\n\n<figure class=\"wp-block-table\"><table><tbody><tr><td><strong>PROIZVO\u0110A\u010c<\/strong><\/td><td>Panasonic<\/td><\/tr><tr><td><strong>MODEL<\/strong><\/td><td>CU-3Z52TBE<\/td><\/tr><tr><td><strong>Brand<\/strong><\/td><td>Panasonic<\/td><\/tr><tr><td><strong>Hla\u0111enje<\/strong><\/td><td>5.20 kW<\/td><\/tr><tr><td><strong>Grijanje<\/strong><\/td><td>6.80 kW<\/td><\/tr><tr><td><strong>Energetska klasa hla\u0111enja<\/strong><\/td><td>A+++<\/td><\/tr><tr><td><strong>Energetska klasa grijanja<\/strong><\/td><td>A+<\/td><\/tr><tr><td><strong>Buka vanjske jedinice<\/strong><\/td><td>47\/48 dB(A)<\/td><\/tr><tr><td><strong>Dimenzije vanjske jedinice<\/strong><\/td><td>795*875*320 mm<\/td><\/tr><tr><td><strong>Te\u017eina vanjske jedinice<\/strong><\/td><td>71 kg<\/td><\/tr><tr><td><strong>Max. du\u017eina cijevi<\/strong><\/td><td>6-50 m<\/td><\/tr><tr><td><strong>Max. visinska razlika<\/strong><\/td><td>15 m<\/td><\/tr><tr><td><strong>Napajanje<\/strong><\/td><td>220-240 V<\/td><\/tr><tr><td><strong>Freon<\/strong><\/td><td>R32<\/td><\/tr><tr><td><strong>Mogu\u0107nost spajanja do<\/strong><\/td><td>3 unutra\u0161nje jedinice<\/td><\/tr><\/tbody><\/table><\/figure>\n\n\n\n<p>Vanjska jedinica, inverter, multi split izvedbe za spajanje do 3 unutra\u0161nje jedinice, namjenjena za vanjsku monta\u017eu &#8211; za\u0161ti\u0107ena od vremenskih uticaja, sa ugra\u0111enim inverter kompresorom, vazduhom hla\u0111enim kondenzatorom i svim potrebnim elementima za za\u0161titu i kontrolu, sljede\u0107ih odlika:<\/p>\n\n\n\n<ul class=\"wp-block-list\">\n<li>Super tih. Zahvaljuju\u0107i najnovijoj generaciji kompresora i dvostrukim lopaticama ventilatora, na\u0161a vanjska jedinica jedna je od najti\u0161ih na tr\u017ei\u0161tu. Unutarnja jedinica emitira gotovo neprimjetnih 18 dB(A),<\/li>\n\n\n\n<li>Viskoka u\u010dinkovitost, rad punom snagom, brz i u\u010dinkovit rad punom snagom idealan je kad do\u0111ete ku\u0107i u najtoplijim ili najhladnijim danima. Radi maksimalnom snagom<\/li>\n<\/ul>\n\n\n\n<p>kako bi se dostigla \u017eeljena temperatura za 15 minuta,<\/p>\n\n\n\n<ul class=\"wp-block-list\">\n<li>Rashladno sredstvo R32. Pokazuju zna\u010dajno smanjenje vrijednosti globalnog<\/li>\n<\/ul>\n\n\n\n<p>zatopljenja (GWP). R32 je komponentno rashladno sredstvo, \u0161to ga \u010dini jednostavnim za recikliranje.<\/p>\n","protected":false},"excerpt":{"rendered":"<p>vanjska jedinica za MULTI SISTEM klima ure\u0111aj Hla\u0111enje:&nbsp;5.20 kW Grijanje:&nbsp;6.80 kW Energetska klasa hla\u0111enja:&nbsp;A+++ Energetska klasa grijanja:&nbsp;A+ Mogu\u0107nost spajanja do:&nbsp;3 unutra\u0161nje jedinice PROIZVO\u0110A\u010c Panasonic MODEL CU-3Z52TBE Brand Panasonic Hla\u0111enje 5.20 kW Grijanje 6.80 kW Energetska klasa hla\u0111enja A+++ Energetska klasa grijanja A+ Buka vanjske jedinice 47\/48 dB(A) Dimenzije vanjske jedinice&#8230;<\/p>\n","protected":false},"author":1,"featured_media":0,"parent":0,"menu_order":0,"comment_status":"closed","ping_status":"closed","template":"","meta":{"footnotes":""},"class_list":["post-1342","page","type-page","status-publish","hentry"],"_links":{"self":[{"href":"https:\/\/ecoheatbl.com\/index.php\/wp-json\/wp\/v2\/pages\/1342","targetHints":{"allow":["GET"]}}],"collection":[{"href":"https:\/\/ecoheatbl.com\/index.php\/wp-json\/wp\/v2\/pages"}],"about":[{"href":"https:\/\/ecoheatbl.com\/index.php\/wp-json\/wp\/v2\/types\/page"}],"author":[{"embeddable":true,"href":"https:\/\/ecoheatbl.com\/index.php\/wp-json\/wp\/v2\/users\/1"}],"replies":[{"embeddable":true,"href":"https:\/\/ecoheatbl.com\/index.php\/wp-json\/wp\/v2\/comments?post=1342"}],"version-history":[{"count":1,"href":"https:\/\/ecoheatbl.com\/index.php\/wp-json\/wp\/v2\/pages\/1342\/revisions"}],"predecessor-version":[{"id":1343,"href":"https:\/\/ecoheatbl.com\/index.php\/wp-json\/wp\/v2\/pages\/1342\/revisions\/1343"}],"wp:attachment":[{"href":"https:\/\/ecoheatbl.com\/index.php\/wp-json\/wp\/v2\/media?parent=1342"}],"curies":[{"name":"wp","href":"https:\/\/api.w.org\/{rel}","templated":true}]}}