{"id":1285,"date":"2023-07-28T18:08:59","date_gmt":"2023-07-28T18:08:59","guid":{"rendered":"https:\/\/ecoheatbl.com\/?page_id=1285"},"modified":"2024-01-23T19:09:54","modified_gmt":"2024-01-23T19:09:54","slug":"vrv-vrf-sistemi","status":"publish","type":"page","link":"https:\/\/ecoheatbl.com\/index.php\/vrv-vrf-sistemi\/","title":{"rendered":"VRV\/VRF Sistemi"},"content":{"rendered":"<div class=\"wp-block-image\">\n<figure class=\"aligncenter size-full\"><img loading=\"lazy\" decoding=\"async\" width=\"462\" height=\"333\" src=\"https:\/\/ecoheatbl.com\/wp-content\/uploads\/2023\/12\/Dakin-VRV-3_1.png\" alt=\"\" class=\"wp-image-1828\" srcset=\"https:\/\/ecoheatbl.com\/wp-content\/uploads\/2023\/12\/Dakin-VRV-3_1.png 462w, https:\/\/ecoheatbl.com\/wp-content\/uploads\/2023\/12\/Dakin-VRV-3_1-300x216.png 300w\" sizes=\"auto, (max-width: 462px) 100vw, 462px\" \/><\/figure>\n<\/div>\n\n\n<p><strong>VRV???<\/strong><\/p>\n\n\n\n<p>Dobro do\u0161li u svijet klimatizacije gdje svaki detalj postaje dio va\u0161eg udobnog ambijenta. Daikin VRV sistem, koji je prvi put predstavljen 1982. godine, predstavlja revolucionarnu tehnologiju promjenljivog protoka rashladnog fluida (poznatu i kao VRF). Ova tehnologija omogu\u0107ava cirkulaciju minimalne koli\u010dine rashladnog fluida tokom jednog ciklusa klimatizacije (grijanje ili hla\u0111enje), pru\u017eaju\u0107i korisnicima jedinstvenu kontrolu nad vi\u0161e klimatizovanih zona.<\/p>\n\n\n\n<p><em>VRV je za\u0161titni znak firme Daikin Industries, Ltd.<\/em><\/p>\n\n\n\n<p><strong>VRV vs. VRF<\/strong><\/p>\n\n\n\n<p>VRV i VRF su dva pojma koja se koriste za opisivanje iste tehnologije. Daikin VRV je za\u0161titni znak, dok se drugi proizvo\u0111a\u010di pozivaju na ovu tehnologiju kao VRF. Ova inovativna tehnologija omogu\u0107uje precizno prilago\u0111avanje koli\u010dine rashladnog fluida prema specifi\u010dnim potrebama objekta, posti\u017eu\u0107i maksimalnu efikasnost uz minimalnu potro\u0161nju energije.<\/p>\n\n\n\n<p><strong>Kako VRV\/VRF funkcioni\u0161e?<\/strong><\/p>\n\n\n\n<p>VRV\/VRF sistem prilago\u0111ava koli\u010dinu rashladnog fluida u sistemu prema preciznim potrebama objekta. Ovo omogu\u0107uje odr\u017eavanje \u017eeljene temperature uz minimalnu potro\u0161nju energije. Sa mogu\u0107no\u0161\u0107u povezivanja do 64 unutra\u0161nje jedinice na jednu spoljnu, VRV\/VRF sistem radi kao sofisticirani multi-split sistem. Svaka unutra\u0161nja jedinica odre\u0111uje svoj kapacitet na osnovu trenutne temperature u prostoru i pode\u0161avanja \u017eeljene temperature putem daljinskog upravlja\u010da.<\/p>\n\n\n\n<p><strong>Evolucija VRV Sistema<\/strong><\/p>\n\n\n\n<p>Od prvog lansiranja na tr\u017ei\u0161te, Daikin i Panasonic neprestano unapre\u0111uju VRV sistem kako bi odgovorio na rastu\u0107e potrebe tr\u017ei\u0161ta. Pove\u0107anje kapaciteta, dodatak tehnologija za rekuperaciju, i dalje se usavr\u0161ava kako bi se postigao vrhunac u udobnosti, efikasnosti i pouzdanosti.<\/p>\n\n\n\n<p><strong>Primjena VRV\/VRF sistema<\/strong><\/p>\n\n\n\n<p>VRV\/VRF sistem za stvaranje mikroklime idealan je za \u0161irok spektar objekata, uklju\u010duju\u0107i:<\/p>\n\n\n\n<ul class=\"wp-block-list\">\n<li>Kancelarije i poslovne zgrade<\/li>\n\n\n\n<li>Poslovne centre<\/li>\n\n\n\n<li>Apartmane, seoske ku\u0107e, vikendice<\/li>\n\n\n\n<li>Hotele, motele i druge ugostiteljske objekte<\/li>\n\n\n\n<li>Industrijske, proizvodne i skladi\u0161ne objekte<\/li>\n\n\n\n<li>Trgova\u010dke centre i markete<\/li>\n\n\n\n<li>Fitness i wellness centre<\/li>\n\n\n\n<li>Restorane, kafi\u0107e i druge ugostiteljske objekte<\/li>\n<\/ul>\n\n\n\n<p><strong>Profesionalna instalacija za savr\u0161enu klimu<\/strong><\/p>\n\n\n\n<p>Odaberite odgovaraju\u0107i VRV\/VRF sistem u skladu sa arhitekturom, namjenom i dizajnom va\u0161eg objekta. Instalacija ovakvog sistema zahtijeva stru\u010dnost, profesionalan pristup i organizaciju. Ukoliko imate dodatna pitanja ili tra\u017eite savjet pri izboru najboljeg rje\u0161enja, kontaktirajte nas i otkrijte na\u0161e dugogodi\u0161nje iskustvo u oblasti klimatizacije. Va\u0161a klima, va\u0161a kontrola \u2013 Daikin VRV\/VRF Sistem.<\/p>\n","protected":false},"excerpt":{"rendered":"<p>Promenljivi protok rashladnog fluida je tehnologija koja vr\u0161i cirkulaciju samo minimalne koli\u010dine rashladnog fluida potrebne tokom samo jednog perioda klimatizacije<\/p>\n","protected":false},"author":1,"featured_media":0,"parent":0,"menu_order":0,"comment_status":"closed","ping_status":"closed","template":"","meta":{"footnotes":""},"class_list":["post-1285","page","type-page","status-publish","hentry"],"_links":{"self":[{"href":"https:\/\/ecoheatbl.com\/index.php\/wp-json\/wp\/v2\/pages\/1285","targetHints":{"allow":["GET"]}}],"collection":[{"href":"https:\/\/ecoheatbl.com\/index.php\/wp-json\/wp\/v2\/pages"}],"about":[{"href":"https:\/\/ecoheatbl.com\/index.php\/wp-json\/wp\/v2\/types\/page"}],"author":[{"embeddable":true,"href":"https:\/\/ecoheatbl.com\/index.php\/wp-json\/wp\/v2\/users\/1"}],"replies":[{"embeddable":true,"href":"https:\/\/ecoheatbl.com\/index.php\/wp-json\/wp\/v2\/comments?post=1285"}],"version-history":[{"count":7,"href":"https:\/\/ecoheatbl.com\/index.php\/wp-json\/wp\/v2\/pages\/1285\/revisions"}],"predecessor-version":[{"id":1876,"href":"https:\/\/ecoheatbl.com\/index.php\/wp-json\/wp\/v2\/pages\/1285\/revisions\/1876"}],"wp:attachment":[{"href":"https:\/\/ecoheatbl.com\/index.php\/wp-json\/wp\/v2\/media?parent=1285"}],"curies":[{"name":"wp","href":"https:\/\/api.w.org\/{rel}","templated":true}]}}