{"id":1258,"date":"2023-07-19T13:23:52","date_gmt":"2023-07-19T13:23:52","guid":{"rendered":"https:\/\/ecoheatbl.com\/?page_id=1258"},"modified":"2023-07-20T08:30:30","modified_gmt":"2023-07-20T08:30:30","slug":"panasonic-klima-uredaj-kit-bz35-xke","status":"publish","type":"page","link":"https:\/\/ecoheatbl.com\/index.php\/panasonic-klima-uredaj-kit-bz35-xke\/","title":{"rendered":"PANASONIC KLIMA URE\u0110AJ\u00a0KIT-BZ35-XKE"},"content":{"rendered":"\n<p class=\"has-vivid-red-color has-text-color\"><strong><em>PANASONIC KLIMA URE\u0110AJ&nbsp;KIT-BZ35-XKE STANDARDNI INVERTER&nbsp;&#8211; komplet zidna unutarnja i vanjska jedinica<\/em><\/strong><\/p>\n\n\n<div class=\"wp-block-image\">\n<figure class=\"aligncenter size-large\"><img decoding=\"async\" src=\"https:\/\/ecoheatbl.com\/wp-content\/uploads\/2023\/07\/35-1024x888.jpg\" alt=\"\" class=\"wp-image-1255\"\/><\/figure>\n<\/div>\n\n\n<p>Novi BZ inverterski modeli sna\u017eni su i u\u010dinkoviti, s izvanrednim energetskim razredom A++\/A+,<br>jedinstveni na tr\u017ei\u0161tu! PZ radi do vanjske temperature od -15 \u00b0C u na\u010dinu rada grijanja i do -10\u00b0C u na\u010dinu<br>rada hla\u0111enja&nbsp;u izrazito tihom modu.<br><\/p>\n\n\n\n<p>Panasonic&nbsp;KIT-BZ ure\u0111aji su&nbsp;novi ure\u0111aji iz srednjeg&nbsp;ranga Panasonic palete ku\u0107nih zidnih inverter klima<br>ure\u0111aja, i kao takav posjeduje raznovrsne karakteristike, kao \u0161to su ove:<br>\uf0b7 Super tih. Radi na samo 20dB<br>\uf0b7 Visoka energetska u\u0161teda<br>\uf0b7 Mogu\u0107nost velike udaljenosti izme\u0111u jedinica<br>\uf0b7 O\u017ei\u010deni upravlja\u010d (dodatno)<br>\uf0b7 Smartfon kontrola (dodatno)<br>\uf0b7 Radni medij: R-32<br>\uf0b7 Aerowings za regulaciju smjera protoka zraka<br><\/p>\n\n\n\n<p>U\u010dinak hla\u0111enja: 3,4 (0,85-3,90)kW<br>Prikladno za prostor: 35m2\u00a0 \u00a0\u00a0<br>Energetski razred hla\u0111enja: A++<br>Energetska u\u010dinkovitost SEER: 6,00W\/W<br>Potro\u0161nja el.energije: 0,56kW\/h<br>U\u010dinak grijanja: 3,8 (0,80-4,40)kW<br>Prikladno za prostor: 30m2<br>Energetski razred grijanja: A+<br>Energetska u\u010dinkovitost SCOP: 4,20W\/W<br>Potro\u0161nja el.energije: 0,57kW\/h<br>Unutarnja jedinica:<br>Razina buke min\/max: 20\/38dBA<br>Dimenzije (V x \u0160 x D): 290 x 779 x 209mm<br>Te\u017eina: 8,0kg<br>Vanjska jedinica:<br>Razina buke: 50dBA<br>Dimenzije (Vx\u0160xD): 542 x 780 x 289mm<br>Te\u017eina: 25,0kg<br>Podru\u010dje rada: -10\/+46C (hla\u0111enje), -15\/+24C (grijanje)<br>Eko plin: R-32<br>Maksimalna du\u017eina cjevovoda: 15,0m<br>Maksimalna visinska razlika: 15,0m<br>Prednapunjena du\u017eina cijevi: 7,5m<\/p>\n","protected":false},"excerpt":{"rendered":"<p>PANASONIC KLIMA URE\u0110AJ&nbsp;KIT-BZ35-XKE STANDARDNI INVERTER&nbsp;&#8211; komplet zidna unutarnja i vanjska jedinica Novi BZ inverterski modeli sna\u017eni su i u\u010dinkoviti, s izvanrednim energetskim razredom A++\/A+,jedinstveni na tr\u017ei\u0161tu! PZ radi do vanjske temperature od -15 \u00b0C u na\u010dinu rada grijanja i do -10\u00b0C u na\u010dinurada hla\u0111enja&nbsp;u izrazito tihom modu. Panasonic&nbsp;KIT-BZ ure\u0111aji su&nbsp;novi&#8230;<\/p>\n","protected":false},"author":1,"featured_media":0,"parent":0,"menu_order":0,"comment_status":"closed","ping_status":"closed","template":"","meta":{"footnotes":""},"class_list":["post-1258","page","type-page","status-publish","hentry"],"_links":{"self":[{"href":"https:\/\/ecoheatbl.com\/index.php\/wp-json\/wp\/v2\/pages\/1258","targetHints":{"allow":["GET"]}}],"collection":[{"href":"https:\/\/ecoheatbl.com\/index.php\/wp-json\/wp\/v2\/pages"}],"about":[{"href":"https:\/\/ecoheatbl.com\/index.php\/wp-json\/wp\/v2\/types\/page"}],"author":[{"embeddable":true,"href":"https:\/\/ecoheatbl.com\/index.php\/wp-json\/wp\/v2\/users\/1"}],"replies":[{"embeddable":true,"href":"https:\/\/ecoheatbl.com\/index.php\/wp-json\/wp\/v2\/comments?post=1258"}],"version-history":[{"count":3,"href":"https:\/\/ecoheatbl.com\/index.php\/wp-json\/wp\/v2\/pages\/1258\/revisions"}],"predecessor-version":[{"id":1725,"href":"https:\/\/ecoheatbl.com\/index.php\/wp-json\/wp\/v2\/pages\/1258\/revisions\/1725"}],"wp:attachment":[{"href":"https:\/\/ecoheatbl.com\/index.php\/wp-json\/wp\/v2\/media?parent=1258"}],"curies":[{"name":"wp","href":"https:\/\/api.w.org\/{rel}","templated":true}]}}